{"id":6,"date":"2018-04-05T09:12:45","date_gmt":"2018-04-05T06:12:45","guid":{"rendered":"https:\/\/arsmetall.ee\/?page_id=6"},"modified":"2026-02-22T20:04:21","modified_gmt":"2026-02-22T18:04:21","slug":"avaleht","status":"publish","type":"page","link":"https:\/\/arsmetall.ee\/","title":{"rendered":"Avaleht"},"content":{"rendered":"<div id=\"pl-6\"  class=\"panel-layout\" ><div id=\"pg-6-0\"  class=\"panel-grid panel-no-style\" ><div id=\"pgc-6-0-0\"  class=\"panel-grid-cell\" ><div id=\"panel-6-0-0-0\" class=\"so-panel widget widget_sow-editor panel-first-child panel-last-child\" data-index=\"0\" ><div\n\t\t\t\n\t\t\tclass=\"so-widget-sow-editor so-widget-sow-editor-base\"\n\t\t\t\n\t\t>\n<div class=\"siteorigin-widget-tinymce textwidget\">\n\t<p style=\"text-align: left;\">O\u00dc ARS Metallit\u00f6\u00f6 on ettev\u00f5te,<br \/>\nmis on v\u00e4lja kasvanud kunagisest Tartu ARS-i<br \/>\nmetalliateljeest ja tegutsenud alates<br \/>\n1960-ndast aastast.<br \/>\nMeie p\u00f5hitegevusteks on erinevate metalltoodete valmistamine<br \/>\n(teras, roostevaba teras, messing, vask, pronks)<br \/>\nnii eraisikutele kui ka asutustele.<\/p>\n<p><strong>NB! Meie meiliaadressid on: arsmetall@hot.ee ja arsmetall@arsmetall.ee<br \/>\n<\/strong><\/p>\n<h2 style=\"text-align: left;\">NB! Oleme kollektiivpuhkusel 23.02.26.a.-01.03.2026.a.<\/h2>\n<p>&nbsp;<\/p>\n<h2>&nbsp;<\/h2>\n<h2>&nbsp;<\/h2>\n<h2>&nbsp;<\/h2>\n<p>&nbsp;<\/p>\n<h3>&nbsp;<\/h3>\n<p>&nbsp;<\/p>\n<\/div>\n<\/div><\/div><\/div><div id=\"pgc-6-0-1\"  class=\"panel-grid-cell\" ><div id=\"panel-6-0-1-0\" class=\"so-panel widget widget_sow-editor panel-first-child panel-last-child\" data-index=\"1\" ><div\n\t\t\t\n\t\t\tclass=\"so-widget-sow-editor so-widget-sow-editor-base\"\n\t\t\t\n\t\t>\n<div class=\"siteorigin-widget-tinymce textwidget\">\n\t<p>Treppide ja piirete valmistamine (k.a. puit).<br \/>\nTreimis- ja freesimist\u00f6\u00f6d.<br \/>\nAiad ja v\u00e4ravad.<br \/>\nMetallm\u00f6\u00f6bel.<br \/>\nSiltide, viitade, majajuhtide jms. valmistamine.<br \/>\nValgustite valmistamine.<br \/>\nMedalite ja meenete valmistamine.<br \/>\nRestaureerimist\u00f6\u00f6d.<\/p>\n<p>Soovi korral teeme tellimustele joonised ja kavandid.<\/p>\n<p>Kuna iga tellimus on ainulaadne (erinev tellimuse aeg, kogus ja keerukuse aste),<\/p>\n<p>siis puudub kindel hinnakiri. Igale kliendile teeme eraldi hinnapakkumise.<\/p>\n<p>Kontaktisik: Illar Meeru (+372 5090837)<\/p>\n<h1><strong>&nbsp;<\/strong><\/h1>\n<\/div>\n<\/div><\/div><\/div><\/div><\/div>","protected":false},"excerpt":{"rendered":"<p>O\u00dc ARS Metallit\u00f6\u00f6 on ettev\u00f5te, mis on v\u00e4lja kasvanud kunagisest Tartu ARS-i metalliateljeest ja tegutsenud alates 1960-ndast aastast. Meie p\u00f5hitegevusteks on erinevate metalltoodete valmistamine (teras, roostevaba teras, messing, vask, pronks) nii eraisikutele<a class=\"moretag\" href=\"https:\/\/arsmetall.ee\/\">Read More&#8230;<\/a><\/p>\n","protected":false},"author":1,"featured_media":0,"parent":0,"menu_order":0,"comment_status":"closed","ping_status":"closed","template":"","meta":{"ngg_post_thumbnail":0,"footnotes":""},"class_list":["post-6","page","type-page","status-publish","hentry"],"_links":{"self":[{"href":"https:\/\/arsmetall.ee\/index.php?rest_route=\/wp\/v2\/pages\/6","targetHints":{"allow":["GET"]}}],"collection":[{"href":"https:\/\/arsmetall.ee\/index.php?rest_route=\/wp\/v2\/pages"}],"about":[{"href":"https:\/\/arsmetall.ee\/index.php?rest_route=\/wp\/v2\/types\/page"}],"author":[{"embeddable":true,"href":"https:\/\/arsmetall.ee\/index.php?rest_route=\/wp\/v2\/users\/1"}],"replies":[{"embeddable":true,"href":"https:\/\/arsmetall.ee\/index.php?rest_route=%2Fwp%2Fv2%2Fcomments&post=6"}],"version-history":[{"count":170,"href":"https:\/\/arsmetall.ee\/index.php?rest_route=\/wp\/v2\/pages\/6\/revisions"}],"predecessor-version":[{"id":597,"href":"https:\/\/arsmetall.ee\/index.php?rest_route=\/wp\/v2\/pages\/6\/revisions\/597"}],"wp:attachment":[{"href":"https:\/\/arsmetall.ee\/index.php?rest_route=%2Fwp%2Fv2%2Fmedia&parent=6"}],"curies":[{"name":"wp","href":"https:\/\/api.w.org\/{rel}","templated":true}]}}